{"id":1006,"date":"2024-12-03T19:20:01","date_gmt":"2024-12-03T19:20:01","guid":{"rendered":"https:\/\/torrefattoriassociati.gruppoyec.it\/?page_id=1006"},"modified":"2025-02-13T15:23:46","modified_gmt":"2025-02-13T15:23:46","slug":"valori","status":"publish","type":"page","link":"https:\/\/tag.yec-playground.it\/en\/azienda\/valori\/","title":{"rendered":"Our values"},"content":{"rendered":"<div data-elementor-type=\"wp-page\" data-elementor-id=\"1006\" class=\"elementor elementor-1006\" data-elementor-post-type=\"page\">\n\t\t\t\t<div class=\"elementor-element elementor-element-1c2f01f e-flex e-con-boxed e-con e-parent\" data-id=\"1c2f01f\" data-element_type=\"container\" data-e-type=\"container\" data-settings=\"{&quot;background_background&quot;:&quot;classic&quot;}\">\n\t\t\t\t\t<div class=\"e-con-inner\">\n\t\t\t\t<div class=\"elementor-element elementor-element-b070a26 elementor-widget elementor-widget-heading\" data-id=\"b070a26\" data-element_type=\"widget\" data-e-type=\"widget\" data-widget_type=\"heading.default\">\n\t\t\t\t<div class=\"elementor-widget-container\">\n\t\t\t\t\t<h1 class=\"elementor-heading-title elementor-size-default\">Our values<\/h1>\t\t\t\t<\/div>\n\t\t\t\t<\/div>\n\t\t\t\t<div class=\"elementor-element elementor-element-ff86149 elementor-widget elementor-widget-heading\" data-id=\"ff86149\" data-element_type=\"widget\" data-e-type=\"widget\" data-widget_type=\"heading.default\">\n\t\t\t\t<div class=\"elementor-widget-container\">\n\t\t\t\t\t<h2 class=\"elementor-heading-title elementor-size-default\">The future of our art<\/h2>\t\t\t\t<\/div>\n\t\t\t\t<\/div>\n\t\t\t\t\t<\/div>\n\t\t\t\t<\/div>\n\t\t<div class=\"elementor-element elementor-element-0be7f60 e-con-full e-flex e-con e-parent\" data-id=\"0be7f60\" data-element_type=\"container\" data-e-type=\"container\">\n\t\t<div class=\"elementor-element elementor-element-1f1a87f e-con-full e-flex e-con e-child\" data-id=\"1f1a87f\" data-element_type=\"container\" data-e-type=\"container\" data-settings=\"{&quot;background_background&quot;:&quot;classic&quot;}\">\n\t\t\t\t<div class=\"elementor-element elementor-element-5ef6470 elementor-widget elementor-widget-spacer\" data-id=\"5ef6470\" data-element_type=\"widget\" data-e-type=\"widget\" data-widget_type=\"spacer.default\">\n\t\t\t\t<div class=\"elementor-widget-container\">\n\t\t\t\t\t\t\t<div class=\"elementor-spacer\">\n\t\t\t<div class=\"elementor-spacer-inner\"><\/div>\n\t\t<\/div>\n\t\t\t\t\t\t<\/div>\n\t\t\t\t<\/div>\n\t\t\t\t<\/div>\n\t\t<div class=\"elementor-element elementor-element-5c8fff6 e-con-full e-flex e-con e-child\" data-id=\"5c8fff6\" data-element_type=\"container\" data-e-type=\"container\">\n\t\t<div class=\"elementor-element elementor-element-e72d6a0 e-con-full text_container e-flex e-con e-child\" data-id=\"e72d6a0\" data-element_type=\"container\" data-e-type=\"container\">\n\t\t\t\t<div class=\"elementor-element elementor-element-52bf483 elementor-widget elementor-widget-heading\" data-id=\"52bf483\" data-element_type=\"widget\" data-e-type=\"widget\" data-widget_type=\"heading.default\">\n\t\t\t\t<div class=\"elementor-widget-container\">\n\t\t\t\t\t<h2 class=\"elementor-heading-title elementor-size-default\">Innovation that Enhances Tradition<\/h2>\t\t\t\t<\/div>\n\t\t\t\t<\/div>\n\t\t\t\t<div class=\"elementor-element elementor-element-c3aaeb3 elementor-widget elementor-widget-text-editor\" data-id=\"c3aaeb3\" data-element_type=\"widget\" data-e-type=\"widget\" data-widget_type=\"text-editor.default\">\n\t\t\t\t<div class=\"elementor-widget-container\">\n\t\t\t\t\t\t\t\t\t<p>Our mission is to transform every coffee bean into a unique sensory experience, combining art and innovation to delight the most demanding palates. We carefully select the finest varieties of green coffee, applying advanced roasting techniques that enhance the authentic aromas and flavors.<\/p><p>Our team works with passion to create distinctive sensory profiles, offering a coffee that celebrates Italian tradition and embraces innovation.<\/p>\t\t\t\t\t\t\t\t<\/div>\n\t\t\t\t<\/div>\n\t\t\t\t<\/div>\n\t\t\t\t<\/div>\n\t\t\t\t<\/div>\n\t\t<div class=\"elementor-element elementor-element-746b80d e-con-full e-flex e-con e-parent\" data-id=\"746b80d\" data-element_type=\"container\" data-e-type=\"container\">\n\t\t<div class=\"elementor-element elementor-element-9738c96 e-con-full e-flex e-con e-child\" data-id=\"9738c96\" data-element_type=\"container\" data-e-type=\"container\">\n\t\t<div class=\"elementor-element elementor-element-5fed0a0 e-con-full text_container e-flex e-con e-child\" data-id=\"5fed0a0\" data-element_type=\"container\" data-e-type=\"container\">\n\t\t\t\t<div class=\"elementor-element elementor-element-90180e0 elementor-widget elementor-widget-heading\" data-id=\"90180e0\" data-element_type=\"widget\" data-e-type=\"widget\" data-widget_type=\"heading.default\">\n\t\t\t\t<div class=\"elementor-widget-container\">\n\t\t\t\t\t<h2 class=\"elementor-heading-title elementor-size-default\">The Taste of Tradition, the Care for Details<\/h2>\t\t\t\t<\/div>\n\t\t\t\t<\/div>\n\t\t\t\t<div class=\"elementor-element elementor-element-a7e11b4 elementor-widget elementor-widget-text-editor\" data-id=\"a7e11b4\" data-element_type=\"widget\" data-e-type=\"widget\" data-widget_type=\"text-editor.default\">\n\t\t\t\t<div class=\"elementor-widget-container\">\n\t\t\t\t\t\t\t\t\t<p>Our vision is to build deep relationships with our customers, based on the sharing of taste and the tradition of Italian coffee. We are committed to offering authentic and tangible solutions, always in tune with their desires, to enrich every experience with our coffee.<\/p><p>Through innovation and attention to detail, we aim to create memorable moments that reflect our passion for excellence and respect for traditions.<\/p><p>We want to be a reference point for those seeking quality and authenticity, offering products that meet the highest expectations and promote coffee culture around the world.<\/p>\t\t\t\t\t\t\t\t<\/div>\n\t\t\t\t<\/div>\n\t\t\t\t<\/div>\n\t\t\t\t<\/div>\n\t\t<div class=\"elementor-element elementor-element-27947ef e-con-full e-flex e-con e-child\" data-id=\"27947ef\" data-element_type=\"container\" data-e-type=\"container\" data-settings=\"{&quot;background_background&quot;:&quot;classic&quot;}\">\n\t\t\t\t<div class=\"elementor-element elementor-element-0348d0a elementor-widget elementor-widget-spacer\" data-id=\"0348d0a\" data-element_type=\"widget\" data-e-type=\"widget\" data-widget_type=\"spacer.default\">\n\t\t\t\t<div class=\"elementor-widget-container\">\n\t\t\t\t\t\t\t<div class=\"elementor-spacer\">\n\t\t\t<div class=\"elementor-spacer-inner\"><\/div>\n\t\t<\/div>\n\t\t\t\t\t\t<\/div>\n\t\t\t\t<\/div>\n\t\t\t\t<\/div>\n\t\t\t\t<\/div>\n\t\t<div class=\"elementor-element elementor-element-7fd2603 e-con-full e-flex e-con e-parent\" data-id=\"7fd2603\" data-element_type=\"container\" data-e-type=\"container\">\n\t\t<div class=\"elementor-element elementor-element-50661d2 e-con-full e-flex e-con e-child\" data-id=\"50661d2\" data-element_type=\"container\" data-e-type=\"container\" data-settings=\"{&quot;background_background&quot;:&quot;classic&quot;}\">\n\t\t\t\t<div class=\"elementor-element elementor-element-c54c2f6 elementor-widget elementor-widget-spacer\" data-id=\"c54c2f6\" data-element_type=\"widget\" data-e-type=\"widget\" data-widget_type=\"spacer.default\">\n\t\t\t\t<div class=\"elementor-widget-container\">\n\t\t\t\t\t\t\t<div class=\"elementor-spacer\">\n\t\t\t<div class=\"elementor-spacer-inner\"><\/div>\n\t\t<\/div>\n\t\t\t\t\t\t<\/div>\n\t\t\t\t<\/div>\n\t\t\t\t<\/div>\n\t\t<div class=\"elementor-element elementor-element-08137a3 e-con-full e-flex e-con e-child\" data-id=\"08137a3\" data-element_type=\"container\" data-e-type=\"container\">\n\t\t<div class=\"elementor-element elementor-element-2ac3dbc e-con-full text_container e-flex e-con e-child\" data-id=\"2ac3dbc\" data-element_type=\"container\" data-e-type=\"container\">\n\t\t\t\t<div class=\"elementor-element elementor-element-9f50197 elementor-widget elementor-widget-heading\" data-id=\"9f50197\" data-element_type=\"widget\" data-e-type=\"widget\" data-widget_type=\"heading.default\">\n\t\t\t\t<div class=\"elementor-widget-container\">\n\t\t\t\t\t<h2 class=\"elementor-heading-title elementor-size-default\">The Value of the Community<\/h2>\t\t\t\t<\/div>\n\t\t\t\t<\/div>\n\t\t\t\t<div class=\"elementor-element elementor-element-a048cc2 elementor-widget elementor-widget-text-editor\" data-id=\"a048cc2\" data-element_type=\"widget\" data-e-type=\"widget\" data-widget_type=\"text-editor.default\">\n\t\t\t\t<div class=\"elementor-widget-container\">\n\t\t\t\t\t\t\t\t\t<p class=\"translation-block\">The community is the heart of our city, united by passions and traditions. <br>We support <strong>Genoa CFC<\/strong> because we believe in sport as a tool for unity and growth. With this sponsorship, we contribute to collective well-being, strengthening bonds and promoting values of inclusion and belonging. Furthermore, inside the stadium, fans can enjoy our <strong>Caff\u00e8 Boasi<\/strong>, experiencing every match with an aroma that enhances the pleasure of sharing.<\/p>\t\t\t\t\t\t\t\t<\/div>\n\t\t\t\t<\/div>\n\t\t\t\t<div class=\"elementor-element elementor-element-1ea9082 elementor-widget elementor-widget-button\" data-id=\"1ea9082\" data-element_type=\"widget\" data-e-type=\"widget\" data-widget_type=\"button.default\">\n\t\t\t\t<div class=\"elementor-widget-container\">\n\t\t\t\t\t\t\t\t\t<div class=\"elementor-button-wrapper\">\n\t\t\t\t\t<a class=\"elementor-button elementor-button-link elementor-size-sm\" href=\"https:\/\/genoacfc.it\/2023\/08\/08\/caffe-boasi-nuovo-official-coffee-partner-del-genoa\/\" target=\"_blank\" rel=\"noopener\">\n\t\t\t\t\t\t<span class=\"elementor-button-content-wrapper\">\n\t\t\t\t\t\t\t\t\t<span class=\"elementor-button-text\">Read the article<\/span>\n\t\t\t\t\t<\/span>\n\t\t\t\t\t<\/a>\n\t\t\t\t<\/div>\n\t\t\t\t\t\t\t\t<\/div>\n\t\t\t\t<\/div>\n\t\t\t\t<\/div>\n\t\t\t\t<\/div>\n\t\t\t\t<\/div>\n\t\t<div class=\"elementor-element elementor-element-9643302 e-flex e-con-boxed e-con e-parent\" data-id=\"9643302\" data-element_type=\"container\" data-e-type=\"container\" data-settings=\"{&quot;background_background&quot;:&quot;gradient&quot;}\">\n\t\t\t\t\t<div class=\"e-con-inner\">\n\t\t\t\t<div class=\"elementor-element elementor-element-6e675e0 elementor-widget elementor-widget-heading\" data-id=\"6e675e0\" data-element_type=\"widget\" data-e-type=\"widget\" data-widget_type=\"heading.default\">\n\t\t\t\t<div class=\"elementor-widget-container\">\n\t\t\t\t\t<h4 class=\"elementor-heading-title elementor-size-default\">Share your values with us<\/h4>\t\t\t\t<\/div>\n\t\t\t\t<\/div>\n\t\t\t\t<div class=\"elementor-element elementor-element-96cc8d4 elementor-widget elementor-widget-text-editor\" data-id=\"96cc8d4\" data-element_type=\"widget\" data-e-type=\"widget\" data-widget_type=\"text-editor.default\">\n\t\t\t\t<div class=\"elementor-widget-container\">\n\t\t\t\t\t\t\t\t\t<p>We believe in the importance of building connections based on common principles. Let us know how we can work together.<\/p>\t\t\t\t\t\t\t\t<\/div>\n\t\t\t\t<\/div>\n\t\t\t\t<div class=\"elementor-element elementor-element-9b62e8c elementor-align-center elementor-widget elementor-widget-button\" data-id=\"9b62e8c\" data-element_type=\"widget\" data-e-type=\"widget\" data-widget_type=\"button.default\">\n\t\t\t\t<div class=\"elementor-widget-container\">\n\t\t\t\t\t\t\t\t\t<div class=\"elementor-button-wrapper\">\n\t\t\t\t\t<a class=\"elementor-button elementor-button-link elementor-size-sm\" href=\"https:\/\/tag.yec-playground.it\/en\/contatti\/\">\n\t\t\t\t\t\t<span class=\"elementor-button-content-wrapper\">\n\t\t\t\t\t\t\t\t\t<span class=\"elementor-button-text\">Contact us<\/span>\n\t\t\t\t\t<\/span>\n\t\t\t\t\t<\/a>\n\t\t\t\t<\/div>\n\t\t\t\t\t\t\t\t<\/div>\n\t\t\t\t<\/div>\n\t\t\t\t\t<\/div>\n\t\t\t\t<\/div>\n\t\t\t\t<\/div>","protected":false},"excerpt":{"rendered":"<p>Il futuro del nostra arte L&#8217;Innovazione che Esalta la Tradizione La nostra missione \u00e8 trasformare ogni chicco di caff\u00e8 in un&#8217;esperienza sensoriale unica, unendo arte e innovazione per deliziare i palati pi\u00f9 esigenti. Selezioniamo con cura le migliori variet\u00e0 di caff\u00e8 verde, applicando tecniche di tostatura avanzate che esaltano gli aromi e i sapori autentici. [&hellip;]<\/p>\n","protected":false},"author":3,"featured_media":1096,"parent":98,"menu_order":0,"comment_status":"closed","ping_status":"closed","template":"","meta":{"_acf_changed":false,"footnotes":""},"class_list":["post-1006","page","type-page","status-publish","has-post-thumbnail","hentry"],"acf":[],"_links":{"self":[{"href":"https:\/\/tag.yec-playground.it\/en\/wp-json\/wp\/v2\/pages\/1006","targetHints":{"allow":["GET"]}}],"collection":[{"href":"https:\/\/tag.yec-playground.it\/en\/wp-json\/wp\/v2\/pages"}],"about":[{"href":"https:\/\/tag.yec-playground.it\/en\/wp-json\/wp\/v2\/types\/page"}],"author":[{"embeddable":true,"href":"https:\/\/tag.yec-playground.it\/en\/wp-json\/wp\/v2\/users\/3"}],"replies":[{"embeddable":true,"href":"https:\/\/tag.yec-playground.it\/en\/wp-json\/wp\/v2\/comments?post=1006"}],"version-history":[{"count":40,"href":"https:\/\/tag.yec-playground.it\/en\/wp-json\/wp\/v2\/pages\/1006\/revisions"}],"predecessor-version":[{"id":1472,"href":"https:\/\/tag.yec-playground.it\/en\/wp-json\/wp\/v2\/pages\/1006\/revisions\/1472"}],"up":[{"embeddable":true,"href":"https:\/\/tag.yec-playground.it\/en\/wp-json\/wp\/v2\/pages\/98"}],"wp:featuredmedia":[{"embeddable":true,"href":"https:\/\/tag.yec-playground.it\/en\/wp-json\/wp\/v2\/media\/1096"}],"wp:attachment":[{"href":"https:\/\/tag.yec-playground.it\/en\/wp-json\/wp\/v2\/media?parent=1006"}],"curies":[{"name":"wp","href":"https:\/\/api.w.org\/{rel}","templated":true}]}}