{"id":102,"date":"2024-11-20T18:05:02","date_gmt":"2024-11-20T18:05:02","guid":{"rendered":"http:\/\/torrefattoriassociati.local\/?page_id=102"},"modified":"2024-12-18T20:15:30","modified_gmt":"2024-12-18T20:15:30","slug":"sostenibilita","status":"publish","type":"page","link":"https:\/\/tag.yec-playground.it\/en\/azienda\/sostenibilita\/","title":{"rendered":"Sustainability"},"content":{"rendered":"<div data-elementor-type=\"wp-page\" data-elementor-id=\"102\" class=\"elementor elementor-102\" data-elementor-post-type=\"page\">\n\t\t\t\t<div class=\"elementor-element elementor-element-993cfdb e-flex e-con-boxed e-con e-parent\" data-id=\"993cfdb\" data-element_type=\"container\" data-e-type=\"container\" data-settings=\"{&quot;background_background&quot;:&quot;classic&quot;}\">\n\t\t\t\t\t<div class=\"e-con-inner\">\n\t\t\t\t<div class=\"elementor-element elementor-element-944ea79 elementor-widget elementor-widget-heading\" data-id=\"944ea79\" data-element_type=\"widget\" data-e-type=\"widget\" data-widget_type=\"heading.default\">\n\t\t\t\t<div class=\"elementor-widget-container\">\n\t\t\t\t\t<h1 class=\"elementor-heading-title elementor-size-default\">Sustainability<\/h1>\t\t\t\t<\/div>\n\t\t\t\t<\/div>\n\t\t\t\t<div class=\"elementor-element elementor-element-f69d549 elementor-widget elementor-widget-heading\" data-id=\"f69d549\" data-element_type=\"widget\" data-e-type=\"widget\" data-widget_type=\"heading.default\">\n\t\t\t\t<div class=\"elementor-widget-container\">\n\t\t\t\t\t<h3 class=\"elementor-heading-title elementor-size-default\">We safeguard our origins<\/h3>\t\t\t\t<\/div>\n\t\t\t\t<\/div>\n\t\t\t\t\t<\/div>\n\t\t\t\t<\/div>\n\t\t<div class=\"elementor-element elementor-element-4ccced5 e-flex e-con-boxed e-con e-parent\" data-id=\"4ccced5\" data-element_type=\"container\" data-e-type=\"container\">\n\t\t\t\t\t<div class=\"e-con-inner\">\n\t\t\t\t<div class=\"elementor-element elementor-element-7610405 elementor-widget elementor-widget-heading\" data-id=\"7610405\" data-element_type=\"widget\" data-e-type=\"widget\" data-widget_type=\"heading.default\">\n\t\t\t\t<div class=\"elementor-widget-container\">\n\t\t\t\t\t<h2 class=\"elementor-heading-title elementor-size-default\">Sustainability for us<\/h2>\t\t\t\t<\/div>\n\t\t\t\t<\/div>\n\t\t\t\t<div class=\"elementor-element elementor-element-15ebe03 elementor-widget elementor-widget-text-editor\" data-id=\"15ebe03\" data-element_type=\"widget\" data-e-type=\"widget\" data-widget_type=\"text-editor.default\">\n\t\t\t\t<div class=\"elementor-widget-container\">\n\t\t\t\t\t\t\t\t\t<p>Sustainability is a fundamental pillar of our daily commitment. All our brands have deep roots in tradition, but with a clear focus on the future, we adopt innovative solutions to reduce environmental impact and contribute to the preservation of the planet. Among the most recent initiatives is the installation of a state-of-the-art photovoltaic system, which meets energy needs through the use of clean energy, reducing CO2 emissions and the consumption of non-renewable resources.<\/p>\t\t\t\t\t\t\t\t<\/div>\n\t\t\t\t<\/div>\n\t\t\t\t\t<\/div>\n\t\t\t\t<\/div>\n\t\t<div class=\"elementor-element elementor-element-c1ee9bc e-flex e-con-boxed e-con e-parent\" data-id=\"c1ee9bc\" data-element_type=\"container\" data-e-type=\"container\">\n\t\t\t\t\t<div class=\"e-con-inner\">\n\t\t<div class=\"elementor-element elementor-element-b26cdc7 e-con-full e-flex e-con e-child\" data-id=\"b26cdc7\" data-element_type=\"container\" data-e-type=\"container\" data-settings=\"{&quot;background_background&quot;:&quot;classic&quot;}\">\n\t\t\t\t<div class=\"elementor-element elementor-element-32c0646 elementor-widget elementor-widget-spacer\" data-id=\"32c0646\" data-element_type=\"widget\" data-e-type=\"widget\" data-widget_type=\"spacer.default\">\n\t\t\t\t<div class=\"elementor-widget-container\">\n\t\t\t\t\t\t\t<div class=\"elementor-spacer\">\n\t\t\t<div class=\"elementor-spacer-inner\"><\/div>\n\t\t<\/div>\n\t\t\t\t\t\t<\/div>\n\t\t\t\t<\/div>\n\t\t\t\t<\/div>\n\t\t\t\t\t<\/div>\n\t\t\t\t<\/div>\n\t\t<div class=\"elementor-element elementor-element-ec7b0b8 e-con-full e-flex e-con e-parent\" data-id=\"ec7b0b8\" data-element_type=\"container\" data-e-type=\"container\">\n\t\t<div class=\"elementor-element elementor-element-529c2a6 e-con-full e-flex e-con e-child\" data-id=\"529c2a6\" data-element_type=\"container\" data-e-type=\"container\" data-settings=\"{&quot;background_background&quot;:&quot;classic&quot;}\">\n\t\t\t\t<div class=\"elementor-element elementor-element-0401557 elementor-widget elementor-widget-spacer\" data-id=\"0401557\" data-element_type=\"widget\" data-e-type=\"widget\" data-widget_type=\"spacer.default\">\n\t\t\t\t<div class=\"elementor-widget-container\">\n\t\t\t\t\t\t\t<div class=\"elementor-spacer\">\n\t\t\t<div class=\"elementor-spacer-inner\"><\/div>\n\t\t<\/div>\n\t\t\t\t\t\t<\/div>\n\t\t\t\t<\/div>\n\t\t\t\t<\/div>\n\t\t<div class=\"elementor-element elementor-element-076046a e-con-full e-flex e-con e-child\" data-id=\"076046a\" data-element_type=\"container\" data-e-type=\"container\">\n\t\t<div class=\"elementor-element elementor-element-33b7fa6 e-con-full text_container e-flex e-con e-child\" data-id=\"33b7fa6\" data-element_type=\"container\" data-e-type=\"container\">\n\t\t\t\t<div class=\"elementor-element elementor-element-15548a4 elementor-widget elementor-widget-heading\" data-id=\"15548a4\" data-element_type=\"widget\" data-e-type=\"widget\" data-widget_type=\"heading.default\">\n\t\t\t\t<div class=\"elementor-widget-container\">\n\t\t\t\t\t<h2 class=\"elementor-heading-title elementor-size-default\">Sustainable innovation in packaging<\/h2>\t\t\t\t<\/div>\n\t\t\t\t<\/div>\n\t\t\t\t<div class=\"elementor-element elementor-element-9046636 elementor-widget elementor-widget-text-editor\" data-id=\"9046636\" data-element_type=\"widget\" data-e-type=\"widget\" data-widget_type=\"text-editor.default\">\n\t\t\t\t<div class=\"elementor-widget-container\">\n\t\t\t\t\t\t\t\t\t<p>Sustainability for us goes beyond energy production. It is a global commitment that also embraces the research and development of new products, blends, and packaging. Every package, blend, or capsule is designed with a dual purpose: to satisfy the most discerning palates and minimize environmental impact. The companies within the group are exploring sustainable packaging solutions, reducing plastic use and prioritizing recyclable and low-impact materials.<\/p><p>To confirm this commitment, the Roasters have also developed a line of organic products, designed to guarantee excellent quality while respecting sustainable farming principles. This new line represents a further step forward in promoting conscious and responsible consumption, with raw materials sourced from certified organic farming.<\/p>\t\t\t\t\t\t\t\t<\/div>\n\t\t\t\t<\/div>\n\t\t\t\t<\/div>\n\t\t\t\t<\/div>\n\t\t\t\t<\/div>\n\t\t<div class=\"elementor-element elementor-element-3a0c22a e-con-full e-flex e-con e-parent\" data-id=\"3a0c22a\" data-element_type=\"container\" data-e-type=\"container\">\n\t\t<div class=\"elementor-element elementor-element-15e07fd e-con-full e-flex e-con e-child\" data-id=\"15e07fd\" data-element_type=\"container\" data-e-type=\"container\">\n\t\t<div class=\"elementor-element elementor-element-7816b2a e-con-full text_container e-flex e-con e-child\" data-id=\"7816b2a\" data-element_type=\"container\" data-e-type=\"container\">\n\t\t\t\t<div class=\"elementor-element elementor-element-339752b elementor-widget elementor-widget-heading\" data-id=\"339752b\" data-element_type=\"widget\" data-e-type=\"widget\" data-widget_type=\"heading.default\">\n\t\t\t\t<div class=\"elementor-widget-container\">\n\t\t\t\t\t<h2 class=\"elementor-heading-title elementor-size-default\">Energy sustainability<\/h2>\t\t\t\t<\/div>\n\t\t\t\t<\/div>\n\t\t\t\t<div class=\"elementor-element elementor-element-eb2d894 elementor-widget elementor-widget-text-editor\" data-id=\"eb2d894\" data-element_type=\"widget\" data-e-type=\"widget\" data-widget_type=\"text-editor.default\">\n\t\t\t\t<div class=\"elementor-widget-container\">\n\t\t\t\t\t\t\t\t\t<p>The union of innovation and respect for the environment represents a challenge we face with determination, believing that only through the continuous search for sustainable solutions can we ensure a better future for for generations to come.<\/p><p>The harmonious combination of tradition and innovation is the distinctive trait of the group, and this vision extends to sustainability as well: a balance between the past, present, and future, where environmental protection becomes an opportunity to grow and continually improve, while keeping quality and excellence at the core.<\/p>\t\t\t\t\t\t\t\t<\/div>\n\t\t\t\t<\/div>\n\t\t\t\t<\/div>\n\t\t\t\t<\/div>\n\t\t<div class=\"elementor-element elementor-element-1850058 e-con-full e-flex e-con e-child\" data-id=\"1850058\" data-element_type=\"container\" data-e-type=\"container\" data-settings=\"{&quot;background_background&quot;:&quot;classic&quot;}\">\n\t\t\t\t<div class=\"elementor-element elementor-element-59e2955 elementor-widget elementor-widget-spacer\" data-id=\"59e2955\" data-element_type=\"widget\" data-e-type=\"widget\" data-widget_type=\"spacer.default\">\n\t\t\t\t<div class=\"elementor-widget-container\">\n\t\t\t\t\t\t\t<div class=\"elementor-spacer\">\n\t\t\t<div class=\"elementor-spacer-inner\"><\/div>\n\t\t<\/div>\n\t\t\t\t\t\t<\/div>\n\t\t\t\t<\/div>\n\t\t\t\t<\/div>\n\t\t\t\t<\/div>\n\t\t<div class=\"elementor-element elementor-element-6911f6d e-flex e-con-boxed e-con e-parent\" data-id=\"6911f6d\" data-element_type=\"container\" data-e-type=\"container\" data-settings=\"{&quot;background_background&quot;:&quot;gradient&quot;}\">\n\t\t\t\t\t<div class=\"e-con-inner\">\n\t\t\t\t<div class=\"elementor-element elementor-element-79f6588 elementor-widget elementor-widget-heading\" data-id=\"79f6588\" data-element_type=\"widget\" data-e-type=\"widget\" data-widget_type=\"heading.default\">\n\t\t\t\t<div class=\"elementor-widget-container\">\n\t\t\t\t\t<h4 class=\"elementor-heading-title elementor-size-default\">Is sustainability also your goal?<\/h4>\t\t\t\t<\/div>\n\t\t\t\t<\/div>\n\t\t\t\t<div class=\"elementor-element elementor-element-be7a9f5 elementor-widget elementor-widget-text-editor\" data-id=\"be7a9f5\" data-element_type=\"widget\" data-e-type=\"widget\" data-widget_type=\"text-editor.default\">\n\t\t\t\t<div class=\"elementor-widget-container\">\n\t\t\t\t\t\t\t\t\t<p>Let\u2019s collaborate to create a positive and lasting impact on our planet<\/p>\t\t\t\t\t\t\t\t<\/div>\n\t\t\t\t<\/div>\n\t\t\t\t<div class=\"elementor-element elementor-element-57c0672 elementor-align-center elementor-widget elementor-widget-button\" data-id=\"57c0672\" data-element_type=\"widget\" data-e-type=\"widget\" data-widget_type=\"button.default\">\n\t\t\t\t<div class=\"elementor-widget-container\">\n\t\t\t\t\t\t\t\t\t<div class=\"elementor-button-wrapper\">\n\t\t\t\t\t<a class=\"elementor-button elementor-button-link elementor-size-sm\" href=\"https:\/\/tag.yec-playground.it\/en\/contatti\/\">\n\t\t\t\t\t\t<span class=\"elementor-button-content-wrapper\">\n\t\t\t\t\t\t\t\t\t<span class=\"elementor-button-text\">Contact us<\/span>\n\t\t\t\t\t<\/span>\n\t\t\t\t\t<\/a>\n\t\t\t\t<\/div>\n\t\t\t\t\t\t\t\t<\/div>\n\t\t\t\t<\/div>\n\t\t\t\t\t<\/div>\n\t\t\t\t<\/div>\n\t\t\t\t<\/div>","protected":false},"excerpt":{"rendered":"<p>Salvaguardiamo le nostre origini La Sostenibilit\u00e0 per noi La sostenibilit\u00e0 \u00e8 un pilastro fondamentale dell\u2019impegno quotidiano per noi. Tutte le nostri brand hanno radici profonde con la tradizione, ma con uno sguardo deciso verso il futuro, adottiamo soluzioni innovative per ridurre l\u2019impatto ambientale e contribuire alla salvaguardia del pianeta. Tra le iniziative pi\u00f9 recenti, spicca [&hellip;]<\/p>\n","protected":false},"author":3,"featured_media":421,"parent":98,"menu_order":0,"comment_status":"closed","ping_status":"closed","template":"","meta":{"_acf_changed":false,"footnotes":""},"class_list":["post-102","page","type-page","status-publish","has-post-thumbnail","hentry"],"acf":[],"_links":{"self":[{"href":"https:\/\/tag.yec-playground.it\/en\/wp-json\/wp\/v2\/pages\/102","targetHints":{"allow":["GET"]}}],"collection":[{"href":"https:\/\/tag.yec-playground.it\/en\/wp-json\/wp\/v2\/pages"}],"about":[{"href":"https:\/\/tag.yec-playground.it\/en\/wp-json\/wp\/v2\/types\/page"}],"author":[{"embeddable":true,"href":"https:\/\/tag.yec-playground.it\/en\/wp-json\/wp\/v2\/users\/3"}],"replies":[{"embeddable":true,"href":"https:\/\/tag.yec-playground.it\/en\/wp-json\/wp\/v2\/comments?post=102"}],"version-history":[{"count":46,"href":"https:\/\/tag.yec-playground.it\/en\/wp-json\/wp\/v2\/pages\/102\/revisions"}],"predecessor-version":[{"id":1358,"href":"https:\/\/tag.yec-playground.it\/en\/wp-json\/wp\/v2\/pages\/102\/revisions\/1358"}],"up":[{"embeddable":true,"href":"https:\/\/tag.yec-playground.it\/en\/wp-json\/wp\/v2\/pages\/98"}],"wp:featuredmedia":[{"embeddable":true,"href":"https:\/\/tag.yec-playground.it\/en\/wp-json\/wp\/v2\/media\/421"}],"wp:attachment":[{"href":"https:\/\/tag.yec-playground.it\/en\/wp-json\/wp\/v2\/media?parent=102"}],"curies":[{"name":"wp","href":"https:\/\/api.w.org\/{rel}","templated":true}]}}