{"id":3,"date":"2024-11-19T16:30:55","date_gmt":"2024-11-19T16:30:55","guid":{"rendered":"http:\/\/torrefattoriassociati.local\/?page_id=3"},"modified":"2025-02-14T11:38:38","modified_gmt":"2025-02-14T11:38:38","slug":"privacy-policy","status":"publish","type":"page","link":"https:\/\/tag.yec-playground.it\/en\/privacy-policy\/","title":{"rendered":"Privacy Policy"},"content":{"rendered":"<div style=\"height:100px\" aria-hidden=\"true\" class=\"wp-block-spacer\"><\/div>\n\n\n\n<p><strong>Documento informativo ai sensi e per gli effetti di cui all\u2019art. 13 Regolamento (UE) 2016\/679 (GDPR) e art. 130 codice privacy<\/strong><\/p>\n\n\n\n<p>Data di aggiornamento: 14 febbraio 2025<\/p>\n\n\n\n<p><strong>PERCH\u00c9 QUESTE INFORMAZIONI&nbsp;<\/strong><\/p>\n\n\n\n<p>Ai sensi del Regolamento (UE) 2016\/679 (di seguito &#8220;GDPR&#8221;), questa pagina descrive le modalit\u00e0 di trattamento dei dati personali.&nbsp; Si tratta di un\u2019informativa che \u00e8 resa ai sensi dell\u2019art. 13 GDPR. L\u2019informativa non \u00e8 da considerarsi valida per altri siti web di terzi, eventualmente consultabili tramite links presenti su questo sito internet, per i quali non ci si assume alcuna responsabilit\u00e0.&nbsp;<\/p>\n\n\n\n<p><strong>Dati personali trattabili<\/strong><\/p>\n\n\n\n<p><strong>Dato personale<\/strong>: qualsiasi informazione riguardante una persona fisica identificata o identificabile (\u00ab<strong>interessato<\/strong>\u00bb); si considera identificabile la persona fisica che pu\u00f2 essere identificata, direttamente o indirettamente, con particolare riferimento a un identificativo come il nome, un numero di identificazione, dati relativi all\u2019ubicazione, un identificativo online o a uno o pi\u00f9 elementi caratteristici della sua identit\u00e0 fisica, fisiologica, genetica, psichica, economica, culturale o sociale (C26, C27, C30 GDPR).<\/p>\n\n\n\n<p><strong>Dati di contraenti\/utenti.<\/strong><\/p>\n\n\n\n<p><strong>Dati di navigazione<\/strong><\/p>\n\n\n\n<p>I sistemi informatici e le procedure software preposte al funzionamento di questo sito acquisiscono, nel corso del loro normale esercizio, alcuni dati personali la cui trasmissione \u00e8 implicita nell&#8217;uso dei protocolli di comunicazione di Internet.<\/p>\n\n\n\n<p>In questa categoria di dati rientrano gli indirizzi IP o i nomi a dominio dei computer e dei terminali utilizzati dagli utenti, gli indirizzi in notazione URI\/URL (Uniform Resource Identifier\/Locator) delle risorse richieste, l&#8217;orario della richiesta, il metodo utilizzato nel sottoporre la richiesta al server, la dimensione del file ottenuto in risposta, il codice numerico indicante lo stato della risposta data dal server (buon fine, errore, ecc.) ed altri parametri relativi al sistema operativo e all&#8217;ambiente informatico dell&#8217;utente.<\/p>\n\n\n\n<p><strong>Dati comunicati volontariamente&nbsp;<\/strong><\/p>\n\n\n\n<p>L&#8217;invio facoltativo, esplicito e volontario di messaggi agli indirizzi di contatto indicati su questo sito e\/o la compilazione di form di raccolta dati comporta la successiva acquisizione dell&#8217;indirizzo del mittente, necessario per rispondere alle richieste, nonch\u00e9 degli eventuali altri dati personali inseriti.<\/p>\n\n\n\n<p><strong>Informazioni circa il trattamento dei dati personali effettuato attraverso le piattaforme di Social Media&nbsp;<\/strong><\/p>\n\n\n\n<p>Circa i trattamenti di dati personali effettuati dai gestori delle piattaforme di Social Media utilizzate dal Titolare, si rimanda alle informazioni da questi rese attraverso le rispettive privacy policy. Il Titolare tratta i dati personali conferiti dall&#8217;utenza attraverso le pagine delle piattaforme di Social Media dedicate, per gestire le interazioni con l&#8217;utenza (commenti, post pubblici, etc.) e nel rispetto della normativa vigente.<\/p>\n\n\n\n<p><strong>Informative specifiche<\/strong><\/p>\n\n\n\n<p>Informative specifiche potrebbero essere presenti nelle pagine del Sito in relazione a particolari servizi o trattamenti dei dati forniti.<\/p>\n\n\n\n<p><strong>Cookie e altri sistemi di tracciamento. Cosa sono? A cosa servono?<\/strong><\/p>\n\n\n\n<p>Per i Cookie e altri sistemi di tracciamento si veda la cookies policy riportata nel footer del sito e al seguente<a href=\"https:\/\/skinlabo-impssbl-prod.myshopify.com\/policies\/privacy-policy\" target=\"_blank\" rel=\"noopener\"> link<\/a><\/p>\n\n\n\n<p><strong>1. CHI \u00c8 IL TITOLARE DEL TRATTAMENTO DATI? COME CONTATTARLO?<\/strong><\/p>\n\n\n\n<p>Il Titolare del trattamento dati \u00e8 <strong>Torrefattori Associati S.p.A<\/strong>, con sede legale in Via Pietro Micca n. 20, Torino 10122, nella persona del suo Legale Rappresentante pro-tempore, che potr\u00e0 contattare per qualsiasi informazione tramite e-mail info@torrefattoriassociati.it<\/p>\n\n\n\n<p><strong>2. IL RESPONSABILE DELLA PROTEZIONE DEI DATI \u00c8 STATO NOMINATO? QUALI SONO I SUOI DATI DI CONTATTO?<\/strong><\/p>\n\n\n\n<p><strong>Torrefattori Associati S.p.A<\/strong> ha nominato il proprio Responsabile della protezione dei dati (RPD\/DPO- Data Protection Officer) ai sensi degli artt. 37, 38 e 39 del GDPR. Il DPO \u00e8 reperibile presso la sede del Titolare sopra indicata e via email info@torrefattoriassociati.it<\/p>\n\n\n\n<p><strong>3. FINALIT\u00c0 DEL TRATTAMENTO, BASE GIURIDICA, PERIODO DI CONSERVAZIONE E NATURA DEL CONFERIMENTO<\/strong><\/p>\n\n\n\n<p><strong>FINALIT\u00c0 DEL TRATTAMENTO<\/strong><\/p>\n\n\n\n<p><strong>Navigazione sul presente sito web<\/strong>.&nbsp;<\/p>\n\n\n\n<p>I dati necessari per la fruizione dei servizi web, vengono anche trattati allo scopo di:<\/p>\n\n\n\n<ul class=\"wp-block-list\">\n<li>ottenere informazioni statistiche sull&#8217;uso dei servizi (pagine pi\u00f9 visitate, numero di visitatori per fascia oraria o giornaliera, aree geografiche di provenienza, ecc.);<\/li>\n\n\n\n<li>controllare il corretto funzionamento dei servizi offerti.<\/li>\n<\/ul>\n\n\n\n<p><strong>BASE GIURIDICA: <\/strong>il trattamento \u00e8 necessario per il perseguimento del legittimo interesse del titolare del trattamento o di terzi, a condizione che non prevalgano gli interessi o i diritti e le libert\u00e0 fondamentali dell\u2019interessato che richiedono la protezione dei dati personali, tenuto conto delle ragionevoli aspettative nutrite dall\u2019interessato e le attivit\u00e0 strettamente necessarie al funzionamento del sito e alla navigazione stessa (Art. 6, par. 1 lett. f e C47 del GDPR).<\/p>\n\n\n\n<p><strong>PERIODO CONSERVAZIONE DATI: <\/strong>la conservazione dei dati di navigazione sar\u00e0 fino alla durata della sessione di navigazione.<\/p>\n\n\n\n<p><strong>NATURA DEL CONFERIMENTO: <\/strong>il conferimento dei dati \u00e8 necessario per la navigazione del sito web.<\/p>\n\n\n\n<p><strong>FINALIT\u00c0 DEL TRATTAMENTO<\/strong><\/p>\n\n\n\n<p><strong>Utilizzo di cookies e tecnologie equiparabili<\/strong>. Si veda la cookies policy nel footer del sito.<\/p>\n\n\n\n<p><strong>BASE GIURIDICA: <\/strong>per i cookies e tecnologie equiparabili non tecnici necessari, il trattamento \u00e8 basato sul consenso al trattamento dei dati personali (art. 6 par. 1 lett. a e C42, C43 del GDPR).<\/p>\n\n\n\n<p>Il consenso viene prestato attraverso il banner e la cookie policy del sito.<\/p>\n\n\n\n<p><strong>PERIODO CONSERVAZIONE DATI: <\/strong>si veda la cookies policy nel footer del sito.<\/p>\n\n\n\n<p><strong>NATURA DEL CONFERIMENTO: <\/strong>si veda la cookies policy nel footer del sito.<\/p>\n\n\n\n<p><strong>FINALIT\u00c0 DEL TRATTAMENTO A<\/strong><\/p>\n\n\n\n<p><strong>A) Contatti: <\/strong>invio richieste di contatto, informazioni.<\/p>\n\n\n\n<p><strong>BASE GIURIDICA: <\/strong>il trattamento \u00e8 necessario all&#8217;esecuzione di un contratto di cui l&#8217;interessato \u00e8 parte o all&#8217;esecuzione di misure precontrattuali adottate su richiesta dello stesso; (C44)&nbsp;<\/p>\n\n\n\n<p>art. 6 par. 1 lett. b) del GDPR.<\/p>\n\n\n\n<p><strong>PERIODO CONSERVAZIONE DATI: <\/strong>massimo 12 mesi.<\/p>\n\n\n\n<p><strong>NATURA DEL CONFERIMENTO: <\/strong>il conferimento \u00e8 necessario.<\/p>\n\n\n\n<p>Il mancato conferimento dei dati necessari comporter\u00e0 l\u2019impossibilit\u00e0 di essere contattato e ricevere informazioni.<\/p>\n\n\n\n<p><strong>FINALIT\u00c0 DEL TRATTAMENTO B<\/strong><\/p>\n\n\n\n<p><strong>B) Marketing diretto, <\/strong>per l&#8217;invio di materiale pubblicitario o di vendita diretta o per il compimento di ricerche di mercato,&nbsp; questionari di gradimento\/recensioni, di comunicazione commerciale e promozionale, questionario di gradimento, newsletter, tramite mezzi automatizzati (posta elettronica, SMS). ll Titolare per confrontare ed eventualmente migliorare i risultati delle comunicazioni automatizzate, utilizza sistemi con report. Grazie ai report il Titolare potr\u00e0 conoscere, per esempio: il numero dei lettori, delle aperture, dei \u201ccliccatori\u201d unici e dei \u201cclic\u201d; i dispositivi ed i sistemi operativi utilizzati per leggere la comunicazione; il dettaglio sull\u2019attivit\u00e0 dei singoli utenti; il dettaglio delle e-mail inviate, e-mail recapitate e non, di quelle inoltrate. Tutti questi dati sono utilizzati allo scopo di confrontare, ed eventualmente migliorare, i risultati delle comunicazioni.<\/p>\n\n\n\n<p><strong>BASE GIURIDICA:<\/strong> il trattamento \u00e8 basato sul consenso al trattamento dei dati personali (C42, C43)<\/p>\n\n\n\n<p>art. 6 par. 1 lett. a) del GDPR.<\/p>\n\n\n\n<p><strong>PERIODO CONSERVAZIONE DATI: <\/strong>24 mesi decorrenti dalla data di prestazione del consenso o (se precedente) fino a revoca del consenso (o opt-out).<\/p>\n\n\n\n<p><strong>NATURA DEL CONFERIMENTO: <\/strong>il conferimento \u00e8 facoltativo. Il mancato conferimento dei dati necessari comporter\u00e0 l\u2019impossibilit\u00e0 di ricevere comunicazioni di marketing diretto e (ove indicata anche la data di nascita) comunicazioni di marketing diretto con codici sconto dedicati.<\/p>\n\n\n\n<p><strong>FINALIT\u00c0 DEL TRATTAMENTO C<\/strong><\/p>\n\n\n\n<p><strong>C)<\/strong> <strong>Adempimento obblighi contrattuali e finalit\u00e0 amministrativo-contabili e di legge <\/strong>correlate alla instaurazione, esecuzione e cessazione del rapporto contrattuale.<\/p>\n\n\n\n<p><strong>BASE GIURIDICA: <\/strong>il trattamento dati \u00e8 necessario per l\u2019esecuzione di un contratto (C44)<\/p>\n\n\n\n<p>Art. 6 par. 1 lett. b) del GDPR.<\/p>\n\n\n\n<p><strong>PERIODO CONSERVAZIONE DATI: <\/strong>10 anni. Articolo 2220 Codice Civile, salvo questioni di natura contrattuale ed extracontrattuale che potrebbero insorgere e salvo diversi obblighi di legge.<\/p>\n\n\n\n<p><strong>NATURA DEL CONFERIMENTO: <\/strong>il conferimento dei dati personali \u00e8 necessario ai fini contrattuali<\/p>\n\n\n\n<p>Il mancato conferimento dei dati personali necessari comporta l&#8217;impossibilit\u00e0 di instaurare con lei un rapporto contrattuale.<\/p>\n\n\n\n<p><strong>FINALIT\u00c0 DEL TRATTAMENTO D<\/strong><\/p>\n\n\n\n<p><strong>D) MARKETING DIRETTO, \u201cSOFT-SPAM\u201d AUTOMATIZZATO E-MAIL:<\/strong> il titolare del trattamento utilizzer\u00e0, a fini di vendita diretta di propri prodotti o servizi, le coordinate di posta elettronica fornite dall&#8217;interessato nel contesto della vendita di un prodotto o di un servizio, senza richiedere il consenso dell&#8217;interessato, per comunicazioni promozionali e commerciali e newsletter su servizi analoghi a quelli oggetto della vendita e l&#8217;interessato, adeguatamente informato, non rifiuti tale uso, inizialmente o in occasione di successive comunicazioni. L&#8217;interessato, al momento della raccolta e in occasione dell&#8217;invio di ogni comunicazione effettuata per le finalit\u00e0 di cui al presente comma, \u00e8 informato della possibilit\u00e0 di opporsi in ogni momento al trattamento, in maniera agevole e gratuitamente.&nbsp;<\/p>\n\n\n\n<p>ll Titolare per confrontare ed eventualmente migliorare i risultati delle comunicazioni, utilizza sistemi per invio di newsletter e comunicazioni promozionali con report.&nbsp; Grazie ai report il Titolare potr\u00e0 conoscere, per esempio: il numero dei lettori, delle aperture, dei \u201ccliccatori\u201d unici e dei clic; i dispositivi ed i sistemi operativi utilizzati per leggere la comunicazione; il dettaglio sull\u2019attivit\u00e0 dei singoli utenti; il dettaglio delle e-mail inviate, e-mail recapitate e non, di quelle inoltrate; Tutti questi dati sono utilizzati allo scopo di confrontare, ed eventualmente migliorare, i risultati delle comunicazioni.<\/p>\n\n\n\n<p><strong>BASE GIURIDICA: <\/strong>il trattamento \u00e8 necessario per il perseguimento del legittimo interesse del titolare del trattamento o di terzi, a condizione che non prevalgano gli interessi o i diritti e le libert\u00e0 fondamentali dell&#8217;interessato che richiedono la protezione dei dati personali (C47-C50) Art. 6 PAR. 1 lett. f) GDPR e Art. 130, comma 4 del D.Lgs. 196\/2003.<\/p>\n\n\n\n<p><strong>PERIODO CONSERVAZIONE DATI: <\/strong>fino a opposizione(opt-out).<\/p>\n\n\n\n<p><strong>NATURA DEL CONFERIMENTO: <\/strong>il conferimento \u00e8 facoltativo. Il mancato conferimento dei dati necessari comporter\u00e0 l\u2019impossibilit\u00e0 di ricevere comunicazioni di marketing diretto e-mail (soft-spam).<\/p>\n\n\n\n<p><strong>FINALIT\u00c0 DEL TRATTAMENTO E<\/strong><\/p>\n\n\n\n<p><strong>E) Esecuzione del contratto legato all\u2019adesione al programma fedelt\u00e0<\/strong><\/p>\n\n\n\n<p><strong>BASE GIURIDICA: <\/strong>il trattamento \u00e8 necessario all&#8217;esecuzione di un contratto di cui l\u2019interessato \u00e8 parte (art. 6 par. 1 lett B e C44 del GDPR).<\/p>\n\n\n\n<p><strong>PERIODO CONSERVAZIONE DATI: <\/strong>Per tutta la durata contrattuale e, dopo la cessazione, per un periodo massimo di 10 anni dalla loro raccolta.<\/p>\n\n\n\n<p><strong>NATURA DEL CONFERIMENTO: <\/strong>il conferimento dei dati \u00e8 facoltativo. In mancanza non potr\u00e0 aderire al programma fidelity nei termini di cui al relativo regolamento.&nbsp;&nbsp;<\/p>\n\n\n\n<p><strong>FINALIT\u00c0 DEL TRATTAMENTO F<\/strong><\/p>\n\n\n\n<p><strong>F) GESTIONE DELLE SUE RICHIESTE e richieste di altri interessati, ai sensi art. 15 e ss del GDPR <\/strong>(diritti dell\u2019interessato).<\/p>\n\n\n\n<p><strong>BASE GIURIDICA: <\/strong>il trattamento \u00e8 necessario per adempiere un obbligo legale al quale \u00e8 soggetto il titolare del trattamento (C45) Art. 6 par. 1 lett. c) del GDPR.<\/p>\n\n\n\n<p><strong>PERIODO CONSERVAZIONE DATI: <\/strong>5 anni dalla chiusura della richiesta, salvo contenziosi.<\/p>\n\n\n\n<p><strong>NATURA DEL CONFERIMENTO: <\/strong>il conferimento dei dati personali \u00e8 obbligatorio, in quanto indispensabile per poter dare esecuzione agli obblighi di Legge.<\/p>\n\n\n\n<p><strong>FINALIT\u00c0 DEL TRATTAMENTO G<\/strong><\/p>\n\n\n\n<p><strong>G)<\/strong> <strong>AREA CLIENTI<\/strong>, per accedere al proprio account\/registrarsi\/gestire il profilo.<\/p>\n\n\n\n<p><strong>BASE GIURIDICA: <\/strong>il trattamento \u00e8 necessario all&#8217;esecuzione di un contratto di cui l&#8217;interessato \u00e8 parte o all&#8217;esecuzione di misure precontrattuali adottate su richiesta dello stesso (C44) art. 6 par. 1 lett. b) del GDPR.<\/p>\n\n\n\n<p><strong>PERIODO CONSERVAZIONE DATI: <\/strong>fino alla cessazione del contratto o fino alla cancellazione dello stesso, in ogni caso fatto salvo il tempo tecnico per la disabilitazione delle credenziali.<\/p>\n\n\n\n<p><strong>NATURA DEL CONFERIMENTO: <\/strong>il conferimento \u00e8 necessario. Il mancato conferimento dei dati necessari comporter\u00e0 l\u2019impossibilit\u00e0 di accedere al proprio account.<\/p>\n\n\n\n<p><strong>FINALIT\u00c0 DEL TRATTAMENTO I<\/strong><\/p>\n\n\n\n<p><strong>L)<\/strong> <strong>Prevenzione e conduzione delle controversie<\/strong> e altri aspetti legali e per la<strong> difesa in caso di giudizio&nbsp;<\/strong><\/p>\n\n\n\n<p><strong>BASE GIURIDICA: <\/strong>Il trattamento \u00e8 necessario per il perseguimento del legittimo interesse del titolare del trattamento o di terzi, a condizione che non prevalgano gli interessi o i diritti e le libert\u00e0 fondamentali dell&#8217;interessato che richiedono la protezione dei dati personali (C47-C50)&nbsp;<\/p>\n\n\n\n<p>Art. 6 PAR. 1 lett. f) GDPR&nbsp;<\/p>\n\n\n\n<p><strong>PERIODO CONSERVAZIONE DATI: <\/strong>10 anni, salvo opposizione e salvo il tempo necessario per la difesa in giudizio<\/p>\n\n\n\n<p><strong>NATURA DEL CONFERIMENTO: <\/strong>Il conferimento dei dati \u00e8 necessario.&nbsp;<\/p>\n\n\n\n<p>Il diniego dovr\u00e0 essere bilanciato con l\u2019interesse legittimo del Titolare indicato nelle finalit\u00e0 di questo punto.<\/p>\n\n\n\n<p><strong>4. A CHI VERRANNO COMUNICATI I DATI PERSONALI? DESTINATARI DEI DATI<\/strong><\/p>\n\n\n\n<p>I dati personali saranno comunicati, in base anche alle finalit\u00e0 previste in aree specifiche, a soggetti che tratteranno i dati in qualit\u00e0 di Titolari autonomi del trattamento, o Responsabili del trattamento (art. 28 GDPR) e trattati da persone fisiche (art. 29 GDPR) che agiscono sotto l\u2019autorit\u00e0 del Titolare e dei Responsabili sulla base di specifiche istruzioni fornite in ordine a finalit\u00e0 e modalit\u00e0 del trattamento, per finalit\u00e0 specifiche in base all\u2019area di riferimento. I dati saranno comunicati a destinatari appartenenti alle seguenti categorie: soggetti che forniscono servizi per il sito web e delle reti di comunicazione, ivi comprese posta elettronica, host e gestione sito internet; soggetti con sede in Italia, con cui il Titolare ha sottoscritto accordi (es. consulenti, societ\u00e0 di spedizione e trasporto etc.); canali social; soggetti per la gestione di attivit\u00e0 di marketing diretto; autorit\u00e0 competenti per adempimenti di obblighi di legge e\/o di disposizioni di organi pubblici, su richiesta.<\/p>\n\n\n\n<p><strong>5. VI \u00c8 UN TRASFERIMENTO DATI VERSO UN PAESE EXTRA SEE?<\/strong><\/p>\n\n\n\n<p>La gestione e la conservazione dei dati \u00e8 in Europa. Si precisa che in caso di trasferimento dei dati personali in Paesi situati al di fuori dello Spazio Economico Europeo lo stesso sar\u00e0 effettuato in conformit\u00e0 alle misure stabilite dalla normativa applicabile assicurando un adeguato livello di tutela agli interessati. Per avere informazioni circa le garanzie inerenti il trasferimento di dati fuori dall\u2019SEE scrivere a info@torrefattoriassociati.it.<\/p>\n\n\n\n<p><strong>6. VI \u00c8 UN PROCESSO AUTOMATIZZATO?<\/strong><\/p>\n\n\n\n<p>I dati personali saranno sottoposti a trattamento manuale tradizionale, elettronico e automatizzato. Si precisa che non si effettuano processi decisionali completamente automatizzati.<\/p>\n\n\n\n<p><strong>7<\/strong>. <strong>DIRITTI DEGLI INTERESSATI<\/strong><\/p>\n\n\n\n<p>Potr\u00e0 far valere i diritti come espressi dagli artt. 15 e s.s. GDPR, contattando il DPO\/RPD all\u2019indirizzo info@torrefattoriassociati.it o rivolgendosi al Titolare del trattamento all\u2019indirizzo e-mail info@torrefattoriassociati.it. Lei ha il diritto, in qualunque momento, di chiedere l\u2019accesso ai Suoi dati personali (art.15), la rettifica (art.16), la cancellazione degli stessi (art.17), la limitazione del trattamento (art.18). Il titolare del trattamento comunica (art. 19) a ciascuno dei destinatari cui sono stati trasmessi i dati personali le eventuali rettifiche o cancellazioni o limitazioni del trattamento effettuate. Il titolare del trattamento comunica all&#8217;interessato tali destinatari qualora l&#8217;interessato lo richieda. Nei casi previsti ha il diritto alla portabilit\u00e0 dei suoi dati (art.20) e in tal caso Le verranno forniti in un formato strutturato, di uso comune e leggibile, da dispositivo automatico. Ha il diritto di opporsi (art.21), in qualsiasi momento, al trattamento dei dati basato sul legittimo interesse, e nei casi in cui la base giuridica sia il consenso, ha il diritto di revocare il consenso prestato senza pregiudicare la liceit\u00e0 del trattamento basata sul consenso prima della revoca.&nbsp;<\/p>\n\n\n\n<p>Per non ricevere pi\u00f9 comunicazioni di marketing diretto automatizzato (posta elettronica, messaggi del tipo SMS, messaggistica istantanea) scriva una e-mail all\u2019indirizzo privacy@skinlabo.com con oggetto \u201ccancellazione da automatizzato\u201d o utilizzare i nostri sistemi di cancellazione automatica previsti per le sole e-mail (opt-out).&nbsp;&nbsp;<\/p>\n\n\n\n<p>Nel caso in cui ritenga che il trattamento dei dati personali effettuato dal Titolare avvenga in violazione di quanto previsto dal Regolamento (UE) 2016\/679, l\u2019interessato ha diritto di presentare un reclamo all\u2019Autorit\u00e0 di controllo, in particolare nello Stato membro in cui risiede abitualmente o lavora oppure nel luogo ove si \u00e8 verificata la presunta violazione del regolamento (Garante Privacy https:\/\/www.garanteprivacy.it\/), o di adire le opportune sedi giudiziarie.<\/p>\n\n\n\n<p><strong>8. MODIFICHE INFORMATIVA<\/strong><\/p>\n\n\n\n<p>Il Titolare si riserva il diritto di modificare, aggiornare, aggiungere o rimuovere parti della presente informativa. Al fine di facilitare la verifica e modifica del testo, l\u2019informativa conterr\u00e0 la data di aggiornamento.<\/p>\n\n\n\n<div style=\"height:100px\" aria-hidden=\"true\" class=\"wp-block-spacer\"><\/div>","protected":false},"excerpt":{"rendered":"<p>Documento informativo ai sensi e per gli effetti di cui all\u2019art. 13 Regolamento (UE) 2016\/679 (GDPR) e art. 130 codice privacy Data di aggiornamento: 14 febbraio 2025 PERCH\u00c9 QUESTE INFORMAZIONI&nbsp; Ai sensi del Regolamento (UE) 2016\/679 (di seguito &#8220;GDPR&#8221;), questa pagina descrive le modalit\u00e0 di trattamento dei dati personali.&nbsp; Si tratta di un\u2019informativa che \u00e8 [&hellip;]<\/p>\n","protected":false},"author":3,"featured_media":0,"parent":0,"menu_order":10000,"comment_status":"closed","ping_status":"closed","template":"","meta":{"_acf_changed":false,"footnotes":""},"class_list":["post-3","page","type-page","status-publish","hentry"],"acf":[],"_links":{"self":[{"href":"https:\/\/tag.yec-playground.it\/en\/wp-json\/wp\/v2\/pages\/3","targetHints":{"allow":["GET"]}}],"collection":[{"href":"https:\/\/tag.yec-playground.it\/en\/wp-json\/wp\/v2\/pages"}],"about":[{"href":"https:\/\/tag.yec-playground.it\/en\/wp-json\/wp\/v2\/types\/page"}],"author":[{"embeddable":true,"href":"https:\/\/tag.yec-playground.it\/en\/wp-json\/wp\/v2\/users\/3"}],"replies":[{"embeddable":true,"href":"https:\/\/tag.yec-playground.it\/en\/wp-json\/wp\/v2\/comments?post=3"}],"version-history":[{"count":2,"href":"https:\/\/tag.yec-playground.it\/en\/wp-json\/wp\/v2\/pages\/3\/revisions"}],"predecessor-version":[{"id":1475,"href":"https:\/\/tag.yec-playground.it\/en\/wp-json\/wp\/v2\/pages\/3\/revisions\/1475"}],"wp:attachment":[{"href":"https:\/\/tag.yec-playground.it\/en\/wp-json\/wp\/v2\/media?parent=3"}],"curies":[{"name":"wp","href":"https:\/\/api.w.org\/{rel}","templated":true}]}}